{"id":1757,"date":"2020-11-25T11:23:48","date_gmt":"2020-11-25T08:23:48","guid":{"rendered":"https:\/\/parkfloor.com.tr\/?page_id=1757"},"modified":"2020-12-04T12:59:45","modified_gmt":"2020-12-04T09:59:45","slug":"merdivenler","status":"publish","type":"page","link":"https:\/\/parkfloor.com.tr\/en\/staircases","title":{"rendered":"Staircases"},"content":{"rendered":"<div data-elementor-type=\"wp-page\" data-elementor-id=\"1757\" class=\"elementor elementor-1757\" data-elementor-settings=\"[]\">\n\t\t\t\t\t\t<div class=\"elementor-inner\">\n\t\t\t\t\t\t\t<div class=\"elementor-section-wrap\">\n\t\t\t\t\t\t\t<section class=\"elementor-section elementor-top-section elementor-element elementor-element-64aab75 elementor-section-stretched elementor-section-boxed elementor-section-height-default elementor-section-height-default\" data-id=\"64aab75\" data-element_type=\"section\" data-settings=\"{&quot;stretch_section&quot;:&quot;section-stretched&quot;,&quot;background_background&quot;:&quot;classic&quot;}\">\n\t\t\t\t\t\t<div class=\"elementor-container elementor-column-gap-extended\">\n\t\t\t\t\t\t\t<div class=\"elementor-row\">\n\t\t\t\t\t<div class=\"elementor-column elementor-col-50 elementor-top-column elementor-element elementor-element-da88f37\" data-id=\"da88f37\" data-element_type=\"column\">\n\t\t\t<div class=\"elementor-column-wrap elementor-element-populated\">\n\t\t\t\t\t\t\t<div class=\"elementor-widget-wrap\">\n\t\t\t\t\t\t<div class=\"elementor-element elementor-element-263cc1f elementor-widget elementor-widget-apus_element_testimonials\" data-id=\"263cc1f\" data-element_type=\"widget\" data-widget_type=\"apus_element_testimonials.default\">\n\t\t\t\t<div class=\"elementor-widget-container\">\n\t\t\t            <div class=\"widget-testimonials\">\n                                    <div class=\"slick-carousel testimonial-main\" data-items=\"1\" data-smallmedium=\"2\" data-extrasmall=\"1\" data-pagination=\"true\" data-nav=\"true\">\n                                                    <div class=\"testimonials-item\">\n\n                                <div class=\"testimonial-box\">\n                                                                            <div class=\"description\">\n                                            As one of the main elements of a building, staircases always attract attention with their construction and materials. There is no doubt that the harmony and good workmanship of the parquets, railings, newel posts, and banisters make a space more aesthetically pleasing. Thanks to its experienced teams, Parkfloor is equipped to design and manufacture staircases from the bearing systems down to the smallest details and has the best possible references in the field.                                            <div class=\"quote-icon text-theme\">\n                                                <i class=\"fas fa-quote-left\"><\/i>\n                                            <\/div>\n                                        <\/div>\n                                                                        <div class=\"testimonials-top flex flex-middle\">\n                                        <div class=\"right-inner\">\n                                                                                                                                <\/div>\n\n                                                                             \n\n                                    <\/div>    \n                                <\/div>\n                            <\/div>\n                                            <\/div>\n                              \n            <\/div>\n            \t\t<\/div>\n\t\t\t\t<\/div>\n\t\t\t\t\t\t<\/div>\n\t\t\t\t\t<\/div>\n\t\t<\/div>\n\t\t\t\t<div class=\"elementor-column elementor-col-50 elementor-top-column elementor-element elementor-element-058a303\" data-id=\"058a303\" data-element_type=\"column\">\n\t\t\t<div class=\"elementor-column-wrap elementor-element-populated\">\n\t\t\t\t\t\t\t<div class=\"elementor-widget-wrap\">\n\t\t\t\t\t\t<div class=\"elementor-element elementor-element-49af3fe elementor-arrows-position-inside elementor-pagination-position-outside elementor-widget elementor-widget-image-carousel\" data-id=\"49af3fe\" data-element_type=\"widget\" data-settings=\"{&quot;slides_to_show&quot;:&quot;1&quot;,&quot;navigation&quot;:&quot;both&quot;,&quot;autoplay&quot;:&quot;yes&quot;,&quot;pause_on_hover&quot;:&quot;yes&quot;,&quot;pause_on_interaction&quot;:&quot;yes&quot;,&quot;autoplay_speed&quot;:5000,&quot;infinite&quot;:&quot;yes&quot;,&quot;effect&quot;:&quot;slide&quot;,&quot;speed&quot;:500}\" data-widget_type=\"image-carousel.default\">\n\t\t\t\t<div class=\"elementor-widget-container\">\n\t\t\t\t\t<div class=\"elementor-image-carousel-wrapper swiper-container\" dir=\"ltr\">\n\t\t\t<div class=\"elementor-image-carousel swiper-wrapper\">\n\t\t\t\t<div class=\"swiper-slide\"><figure class=\"swiper-slide-inner\"><img class=\"swiper-slide-image\" src=\"https:\/\/parkfloor.com.tr\/wp-content\/uploads\/elementor\/thumbs\/merdivenler-1.siradaki-fotomuz-ozd610qsrx70va07tcwtjqp40ocm9hxvbegtv1j91c.jpg\" alt=\"merdivenler 1.s\u0131radaki fotomuz\" \/><\/figure><\/div><div class=\"swiper-slide\"><figure class=\"swiper-slide-inner\"><img class=\"swiper-slide-image\" src=\"https:\/\/parkfloor.com.tr\/wp-content\/uploads\/elementor\/thumbs\/merdivenler-2.-siradaki-fotomuz-ozd60v3rmwzaxm8eqah24s4cgd4ezbbhamjwzdrm2o.jpg\" alt=\"merdivenler 2. s\u0131radaki fotomuz\" \/><\/figure><\/div>\t\t\t<\/div>\n\t\t\t\t\t\t\t\t\t\t\t\t<div class=\"swiper-pagination\"><\/div>\n\t\t\t\t\t\t\t\t\t\t\t\t\t<div class=\"elementor-swiper-button elementor-swiper-button-prev\">\n\t\t\t\t\t\t<i class=\"eicon-chevron-left\" aria-hidden=\"true\"><\/i>\n\t\t\t\t\t\t<span class=\"elementor-screen-only\">Previous<\/span>\n\t\t\t\t\t<\/div>\n\t\t\t\t\t<div class=\"elementor-swiper-button elementor-swiper-button-next\">\n\t\t\t\t\t\t<i class=\"eicon-chevron-right\" aria-hidden=\"true\"><\/i>\n\t\t\t\t\t\t<span class=\"elementor-screen-only\">Next<\/span>\n\t\t\t\t\t<\/div>\n\t\t\t\t\t\t\t\t\t<\/div>\n\t\t\t\t<\/div>\n\t\t\t\t<\/div>\n\t\t\t\t\t\t<\/div>\n\t\t\t\t\t<\/div>\n\t\t<\/div>\n\t\t\t\t\t\t\t\t<\/div>\n\t\t\t\t\t<\/div>\n\t\t<\/section>\n\t\t\t\t\t\t<\/div>\n\t\t\t\t\t\t<\/div>\n\t\t\t\t\t<\/div>","protected":false},"excerpt":{"rendered":"<p>Yap\u0131n\u0131n ana unsurlar\u0131ndan olan merdivenler, gerek konstr\u00fcksiyonlar\u0131yla gerekse de \u00fczerlerindeki malzemelerle her zaman \u00f6n plandad\u0131rlar. Hi\u00e7 \u015f\u00fcphe yok ki parkelerin, k\u00fcpe\u015ftelerin, babalar\u0131n ve bastonlar\u0131n birlikte uyumu ve iyi bir i\u015f\u00e7ili\u011fe sahip olmalar\u0131 merdivenin mekana katt\u0131\u011f\u0131 g\u00f6rsel katk\u0131y\u0131 \u00fcst seviyeye \u00e7\u0131kar\u0131r. Parkfloor deneyimli ekipleriyle, bir merdiveni ta\u015f\u0131y\u0131c\u0131 sisteminden en son detay\u0131na kadar projelendirip imal edebilecek donan\u0131ma &hellip; <br \/><a href=\"https:\/\/parkfloor.com.tr\/en\/staircases\" class=\"more-link\">Continue reading <span class=\"screen-reader-text\">Staircases<\/span><\/a><\/p>","protected":false},"author":1,"featured_media":0,"parent":0,"menu_order":0,"comment_status":"closed","ping_status":"closed","template":"","meta":[],"yoast_head":"<!-- This site is optimized with the Yoast SEO plugin v15.2 - https:\/\/yoast.com\/wordpress\/plugins\/seo\/ -->\n<title>Merdivenler - Parkfloor<\/title>\n<meta name=\"robots\" content=\"index, follow, max-snippet:-1, max-image-preview:large, max-video-preview:-1\" \/>\n<link rel=\"canonical\" href=\"https:\/\/parkfloor.com.tr\/en\/staircases\/\" \/>\n<meta property=\"og:locale\" content=\"en_US\" \/>\n<meta property=\"og:type\" content=\"article\" \/>\n<meta property=\"og:title\" content=\"Merdivenler - Parkfloor\" \/>\n<meta property=\"og:description\" content=\"Yap\u0131n\u0131n ana unsurlar\u0131ndan olan merdivenler, gerek konstr\u00fcksiyonlar\u0131yla gerekse de \u00fczerlerindeki malzemelerle her zaman \u00f6n plandad\u0131rlar. Hi\u00e7 \u015f\u00fcphe yok ki parkelerin, k\u00fcpe\u015ftelerin, babalar\u0131n ve bastonlar\u0131n birlikte uyumu ve iyi bir i\u015f\u00e7ili\u011fe sahip olmalar\u0131 merdivenin mekana katt\u0131\u011f\u0131 g\u00f6rsel katk\u0131y\u0131 \u00fcst seviyeye \u00e7\u0131kar\u0131r. Parkfloor deneyimli ekipleriyle, bir merdiveni ta\u015f\u0131y\u0131c\u0131 sisteminden en son detay\u0131na kadar projelendirip imal edebilecek donan\u0131ma &hellip; Continue reading Merdivenler\" \/>\n<meta property=\"og:url\" content=\"https:\/\/parkfloor.com.tr\/en\/staircases\/\" \/>\n<meta property=\"og:site_name\" content=\"Parkfloor\" \/>\n<meta property=\"article:modified_time\" content=\"2020-12-04T09:59:45+00:00\" \/>\n<meta property=\"og:image\" content=\"https:\/\/parkfloor.com.tr\/wp-content\/uploads\/elementor\/thumbs\/merdivenler-1.siradaki-fotomuz-ozd610qsrx70va07tcwtjqp40ocm9hxvbegtv1j91c.jpg\" \/>\n<meta name=\"twitter:card\" content=\"summary_large_image\" \/>\n<meta name=\"twitter:label1\" value=\"Written by\">\n\t<meta name=\"twitter:data1\" value=\"parkfloor-yonetici\">\n\t<meta name=\"twitter:label2\" value=\"Est. reading time\">\n\t<meta name=\"twitter:data2\" value=\"0 minutes\">\n<script type=\"application\/ld+json\" class=\"yoast-schema-graph\">{\"@context\":\"https:\/\/schema.org\",\"@graph\":[{\"@type\":\"WebSite\",\"@id\":\"https:\/\/parkfloor.com.tr\/#website\",\"url\":\"https:\/\/parkfloor.com.tr\/\",\"name\":\"Parkfloor\",\"description\":\"Parkfloor - parquet expert\",\"potentialAction\":[{\"@type\":\"SearchAction\",\"target\":\"https:\/\/parkfloor.com.tr\/?s={search_term_string}\",\"query-input\":\"required name=search_term_string\"}],\"inLanguage\":\"en-US\"},{\"@type\":\"ImageObject\",\"@id\":\"https:\/\/parkfloor.com.tr\/merdivenler#primaryimage\",\"inLanguage\":\"en-US\",\"url\":\"https:\/\/parkfloor.com.tr\/wp-content\/uploads\/elementor\/thumbs\/merdivenler-1.siradaki-fotomuz-ozd610qsrx70va07tcwtjqp40ocm9hxvbegtv1j91c.jpg\"},{\"@type\":\"WebPage\",\"@id\":\"https:\/\/parkfloor.com.tr\/merdivenler#webpage\",\"url\":\"https:\/\/parkfloor.com.tr\/merdivenler\",\"name\":\"Merdivenler - Parkfloor\",\"isPartOf\":{\"@id\":\"https:\/\/parkfloor.com.tr\/#website\"},\"primaryImageOfPage\":{\"@id\":\"https:\/\/parkfloor.com.tr\/merdivenler#primaryimage\"},\"datePublished\":\"2020-11-25T08:23:48+00:00\",\"dateModified\":\"2020-12-04T09:59:45+00:00\",\"inLanguage\":\"en-US\",\"potentialAction\":[{\"@type\":\"ReadAction\",\"target\":[\"https:\/\/parkfloor.com.tr\/merdivenler\"]}]}]}<\/script>\n<!-- \/ Yoast SEO plugin. -->","_links":{"self":[{"href":"https:\/\/parkfloor.com.tr\/en\/wp-json\/wp\/v2\/pages\/1757"}],"collection":[{"href":"https:\/\/parkfloor.com.tr\/en\/wp-json\/wp\/v2\/pages"}],"about":[{"href":"https:\/\/parkfloor.com.tr\/en\/wp-json\/wp\/v2\/types\/page"}],"author":[{"embeddable":true,"href":"https:\/\/parkfloor.com.tr\/en\/wp-json\/wp\/v2\/users\/1"}],"replies":[{"embeddable":true,"href":"https:\/\/parkfloor.com.tr\/en\/wp-json\/wp\/v2\/comments?post=1757"}],"version-history":[{"count":5,"href":"https:\/\/parkfloor.com.tr\/en\/wp-json\/wp\/v2\/pages\/1757\/revisions"}],"predecessor-version":[{"id":1851,"href":"https:\/\/parkfloor.com.tr\/en\/wp-json\/wp\/v2\/pages\/1757\/revisions\/1851"}],"wp:attachment":[{"href":"https:\/\/parkfloor.com.tr\/en\/wp-json\/wp\/v2\/media?parent=1757"}],"curies":[{"name":"wp","href":"https:\/\/api.w.org\/{rel}","templated":true}]}}